{"id":30,"date":"2025-08-28T23:29:18","date_gmt":"2025-08-28T21:29:18","guid":{"rendered":"https:\/\/agorapod.com\/momentovermu\/?page_id=30"},"modified":"2025-08-29T12:38:35","modified_gmt":"2025-08-29T10:38:35","slug":"feed-rss","status":"publish","type":"page","link":"https:\/\/agorapod.com\/momentovermu\/feed-rss\/","title":{"rendered":"Feed RSS"},"content":{"rendered":"\n<p class=\"has-medium-font-size\">A continuaci\u00f3n puedes encontrar diversos modos de suscribirte a Momento Verm\u00fa para no perderte todos los episodios que publiquemos.<\/p>\n\n\n\n<div class=\"section-wrapper\" data-id=\"xuSH48\"><section class=\"wp-block-gutenverse-section guten-element guten-section guten-xuSH48 layout-boxed align-stretch\"><div class=\"guten-container guten-column-gap-default\">\n<div class=\"wp-block-gutenverse-column guten-element guten-column guten-TI6V2r\"><div class=\"guten-column-wrapper\" data-id=\"TI6V2r\"><\/div><\/div>\n<\/div><\/section><\/div>\n\n\n\n<div class=\"wp-block-columns is-layout-flex wp-container-core-columns-is-layout-9d6595d7 wp-block-columns-is-layout-flex\">\n<div class=\"wp-block-column is-layout-flow wp-block-column-is-layout-flow\"><\/div>\n\n\n\n<div class=\"wp-block-column is-layout-flow wp-block-column-is-layout-flow\"><\/div>\n\n\n\n<div class=\"wp-block-column is-layout-flow wp-block-column-is-layout-flow\"><\/div>\n<\/div>\n\n\n\n<div class=\"wp-block-group is-layout-grid wp-container-core-group-is-layout-9649a0d9 wp-block-group-is-layout-grid\">\n<div class=\"wp-block-gutenverse-image guten-element guten-image guten-M4WCyM\"><a class=\"guten-image-wrapper\" href=\"https:\/\/anchor.fm\/s\/10847c5bc\/podcast\/rss\" target=\"_blank\" rel=\"noreferrer noopener\"><img decoding=\"async\" class=\"gutenverse-image-box-filled\" src=\"https:\/\/agorapod.com\/momentovermu\/wp-content\/uploads\/sites\/2\/2025\/08\/logoFeedRss.png\" height=\"225\" width=\"225\"\/><\/a><span class=\"guten-caption\">Feed RSS<\/span><\/div>\n\n\n\n<div class=\"wp-block-gutenverse-image guten-element guten-image guten-jqEqgf\"><a class=\"guten-image-wrapper\" href=\"https:\/\/podcasts.apple.com\/es\/podcast\/momento-verm%C3%BA-podcast\/id1833405141\" target=\"_blank\" rel=\"noreferrer noopener\"><img decoding=\"async\" class=\"gutenverse-image-box-filled\" src=\"https:\/\/agorapod.com\/momentovermu\/wp-content\/uploads\/sites\/2\/2025\/08\/ApplePodcast.jpeg\" height=\"225\" width=\"225\"\/><\/a><span class=\"guten-caption\">Apple Podcast<\/span><\/div>\n\n\n\n<div class=\"wp-block-gutenverse-image guten-element guten-image guten-jbtEIG\"><a class=\"guten-image-wrapper\" href=\"https:\/\/open.spotify.com\/show\/7onCnkgkpDPWDxK41Qbvua\" target=\"_blank\" rel=\"noreferrer noopener\"><img decoding=\"async\" class=\"gutenverse-image-box-filled\" src=\"https:\/\/agorapod.com\/momentovermu\/wp-content\/uploads\/sites\/2\/2025\/08\/LogoSpotify.png\" height=\"225\" width=\"225\"\/><\/a><span class=\"guten-caption\">Spotify<\/span><\/div>\n\n\n\n<div class=\"wp-block-gutenverse-image guten-element guten-image guten-hueUP8\"><a class=\"guten-image-wrapper\" href=\"https:\/\/music.amazon.es\/podcasts\/33f9834b-886e-4371-ae6a-20d3315b19d7\/momento-verm%C3%BA-podcast\" target=\"_blank\" rel=\"noreferrer noopener\"><img decoding=\"async\" class=\"gutenverse-image-box-filled\" src=\"https:\/\/agorapod.com\/momentovermu\/wp-content\/uploads\/sites\/2\/2025\/08\/logoAmazonMusic.jpeg\" height=\"225\" width=\"225\"\/><\/a><span class=\"guten-caption\">Amazon Music<\/span><\/div>\n<\/div>\n\n\n\n<div class=\"wp-block-group is-layout-grid wp-container-core-group-is-layout-9649a0d9 wp-block-group-is-layout-grid\">\n<div class=\"wp-block-gutenverse-image guten-element guten-image guten-6Xy6pe\"><a class=\"guten-image-wrapper\" href=\"https:\/\/pocketcasts.com\/podcast\/momento-verm%C3%BA-podcast\/b83f8490-1a48-0131-6ed5-723c91aeae46\" target=\"_blank\" rel=\"noreferrer noopener\"><img decoding=\"async\" class=\"gutenverse-image-box-filled\" src=\"https:\/\/agorapod.com\/momentovermu\/wp-content\/uploads\/sites\/2\/2025\/08\/LogoPocketcast.png\" height=\"225\" width=\"225\"\/><\/a><span class=\"guten-caption\">Pocketcast<\/span><\/div>\n\n\n\n<div class=\"wp-block-gutenverse-image guten-element guten-image guten-MRkXNj\"><a class=\"guten-image-wrapper\" href=\"https:\/\/overcast.fm\/itunes1833405141\/momento-verm-podcast\" target=\"_blank\" rel=\"noreferrer noopener\"><img decoding=\"async\" class=\"gutenverse-image-box-filled\" src=\"https:\/\/agorapod.com\/momentovermu\/wp-content\/uploads\/sites\/2\/2025\/08\/LogoOvercast.jpeg\" height=\"225\" width=\"225\"\/><\/a><span class=\"guten-caption\">Overcast<\/span><\/div>\n\n\n\n<div class=\"wp-block-gutenverse-image guten-element guten-image guten-BZsWuV\"><a class=\"guten-image-wrapper\" href=\"https:\/\/www.ivoox.com\/podcast-momento-vermu-podcast_sq_f12731969_1.html\" target=\"_blank\" rel=\"noreferrer noopener\"><img decoding=\"async\" class=\"gutenverse-image-box-filled\" src=\"https:\/\/agorapod.com\/momentovermu\/wp-content\/uploads\/sites\/2\/2025\/08\/logoIvoox.jpeg\" height=\"225\" width=\"225\"\/><\/a><span class=\"guten-caption\">iVoox<\/span><\/div>\n\n\n\n<div class=\"wp-block-gutenverse-image guten-element guten-image guten-ehOwTu\"><a class=\"guten-image-wrapper\" href=\"https:\/\/castbox.fm\/channel\/Momento-Verm%C3%BA-Podcast-id6716960?country=es\" target=\"_blank\" rel=\"noreferrer noopener\"><img decoding=\"async\" class=\"gutenverse-image-box-filled\" src=\"https:\/\/agorapod.com\/momentovermu\/wp-content\/uploads\/sites\/2\/2025\/08\/LogoCastbox.jpeg\" height=\"225\" width=\"225\"\/><\/a><span class=\"guten-caption\">Castbox<\/span><\/div>\n<\/div>\n\n\n\n<div class=\"wp-block-group is-layout-grid wp-container-core-group-is-layout-9649a0d9 wp-block-group-is-layout-grid\"><\/div>\n\n\n\n<p><\/p>\n","protected":false},"excerpt":{"rendered":"<p>A continuaci\u00f3n puedes encontrar diversos modos de suscribirte a Momento Verm\u00fa para no perderte todos los episodios que publiquemos.<\/p>\n","protected":false},"author":1,"featured_media":0,"parent":0,"menu_order":0,"comment_status":"closed","ping_status":"closed","template":"","meta":{"_uag_custom_page_level_css":"","footnotes":""},"class_list":["post-30","page","type-page","status-publish","hentry"],"yoast_head":"<!-- This site is optimized with the Yoast SEO plugin v26.1.1 - https:\/\/yoast.com\/wordpress\/plugins\/seo\/ -->\n<title>Feed RSS - Momento Verm\u00fa Podcast<\/title>\n<meta name=\"robots\" content=\"index, follow, max-snippet:-1, max-image-preview:large, max-video-preview:-1\" \/>\n<link rel=\"canonical\" href=\"https:\/\/agorapod.com\/momentovermu\/feed-rss\/\" \/>\n<meta property=\"og:locale\" content=\"es_ES\" \/>\n<meta property=\"og:type\" content=\"article\" \/>\n<meta property=\"og:title\" content=\"Feed RSS - Momento Verm\u00fa Podcast\" \/>\n<meta property=\"og:description\" content=\"A continuaci\u00f3n puedes encontrar diversos modos de suscribirte a Momento Verm\u00fa para no perderte todos los episodios que publiquemos.\" \/>\n<meta property=\"og:url\" content=\"https:\/\/agorapod.com\/momentovermu\/feed-rss\/\" \/>\n<meta property=\"og:site_name\" content=\"Momento Verm\u00fa Podcast\" \/>\n<meta property=\"article:modified_time\" content=\"2025-08-29T10:38:35+00:00\" \/>\n<meta property=\"og:image\" content=\"https:\/\/agorapod.com\/momentovermu\/wp-content\/uploads\/sites\/2\/2025\/08\/logoFeedRss.png\" \/>\n<meta name=\"twitter:card\" content=\"summary_large_image\" \/>\n<script type=\"application\/ld+json\" class=\"yoast-schema-graph\">{\"@context\":\"https:\/\/schema.org\",\"@graph\":[{\"@type\":\"WebPage\",\"@id\":\"https:\/\/agorapod.com\/momentovermu\/feed-rss\/\",\"url\":\"https:\/\/agorapod.com\/momentovermu\/feed-rss\/\",\"name\":\"Feed RSS - Momento Verm\u00fa Podcast\",\"isPartOf\":{\"@id\":\"https:\/\/agorapod.com\/momentovermu\/#website\"},\"primaryImageOfPage\":{\"@id\":\"https:\/\/agorapod.com\/momentovermu\/feed-rss\/#primaryimage\"},\"image\":{\"@id\":\"https:\/\/agorapod.com\/momentovermu\/feed-rss\/#primaryimage\"},\"thumbnailUrl\":\"https:\/\/agorapod.com\/momentovermu\/wp-content\/uploads\/sites\/2\/2025\/08\/logoFeedRss.png\",\"datePublished\":\"2025-08-28T21:29:18+00:00\",\"dateModified\":\"2025-08-29T10:38:35+00:00\",\"breadcrumb\":{\"@id\":\"https:\/\/agorapod.com\/momentovermu\/feed-rss\/#breadcrumb\"},\"inLanguage\":\"es\",\"potentialAction\":[{\"@type\":\"ReadAction\",\"target\":[\"https:\/\/agorapod.com\/momentovermu\/feed-rss\/\"]}]},{\"@type\":\"ImageObject\",\"inLanguage\":\"es\",\"@id\":\"https:\/\/agorapod.com\/momentovermu\/feed-rss\/#primaryimage\",\"url\":\"https:\/\/agorapod.com\/momentovermu\/wp-content\/uploads\/sites\/2\/2025\/08\/logoFeedRss.png\",\"contentUrl\":\"https:\/\/agorapod.com\/momentovermu\/wp-content\/uploads\/sites\/2\/2025\/08\/logoFeedRss.png\",\"width\":225,\"height\":225},{\"@type\":\"BreadcrumbList\",\"@id\":\"https:\/\/agorapod.com\/momentovermu\/feed-rss\/#breadcrumb\",\"itemListElement\":[{\"@type\":\"ListItem\",\"position\":1,\"name\":\"Portada\",\"item\":\"https:\/\/agorapod.com\/momentovermu\/\"},{\"@type\":\"ListItem\",\"position\":2,\"name\":\"Feed RSS\"}]},{\"@type\":\"WebSite\",\"@id\":\"https:\/\/agorapod.com\/momentovermu\/#website\",\"url\":\"https:\/\/agorapod.com\/momentovermu\/\",\"name\":\"Momento Verm\u00fa Podcast\",\"description\":\"Momento Verm\u00fa es un podcast relajado y cercano en el que encontrar\u00e1s humor, conversaciones espont\u00e1neas y temas variados de la vida cotidiana.\",\"potentialAction\":[{\"@type\":\"SearchAction\",\"target\":{\"@type\":\"EntryPoint\",\"urlTemplate\":\"https:\/\/agorapod.com\/momentovermu\/?s={search_term_string}\"},\"query-input\":{\"@type\":\"PropertyValueSpecification\",\"valueRequired\":true,\"valueName\":\"search_term_string\"}}],\"inLanguage\":\"es\"}]}<\/script>\n<!-- \/ Yoast SEO plugin. -->","yoast_head_json":{"title":"Feed RSS - Momento Verm\u00fa Podcast","robots":{"index":"index","follow":"follow","max-snippet":"max-snippet:-1","max-image-preview":"max-image-preview:large","max-video-preview":"max-video-preview:-1"},"canonical":"https:\/\/agorapod.com\/momentovermu\/feed-rss\/","og_locale":"es_ES","og_type":"article","og_title":"Feed RSS - Momento Verm\u00fa Podcast","og_description":"A continuaci\u00f3n puedes encontrar diversos modos de suscribirte a Momento Verm\u00fa para no perderte todos los episodios que publiquemos.","og_url":"https:\/\/agorapod.com\/momentovermu\/feed-rss\/","og_site_name":"Momento Verm\u00fa Podcast","article_modified_time":"2025-08-29T10:38:35+00:00","og_image":[{"url":"https:\/\/agorapod.com\/momentovermu\/wp-content\/uploads\/sites\/2\/2025\/08\/logoFeedRss.png","type":"","width":"","height":""}],"twitter_card":"summary_large_image","schema":{"@context":"https:\/\/schema.org","@graph":[{"@type":"WebPage","@id":"https:\/\/agorapod.com\/momentovermu\/feed-rss\/","url":"https:\/\/agorapod.com\/momentovermu\/feed-rss\/","name":"Feed RSS - Momento Verm\u00fa Podcast","isPartOf":{"@id":"https:\/\/agorapod.com\/momentovermu\/#website"},"primaryImageOfPage":{"@id":"https:\/\/agorapod.com\/momentovermu\/feed-rss\/#primaryimage"},"image":{"@id":"https:\/\/agorapod.com\/momentovermu\/feed-rss\/#primaryimage"},"thumbnailUrl":"https:\/\/agorapod.com\/momentovermu\/wp-content\/uploads\/sites\/2\/2025\/08\/logoFeedRss.png","datePublished":"2025-08-28T21:29:18+00:00","dateModified":"2025-08-29T10:38:35+00:00","breadcrumb":{"@id":"https:\/\/agorapod.com\/momentovermu\/feed-rss\/#breadcrumb"},"inLanguage":"es","potentialAction":[{"@type":"ReadAction","target":["https:\/\/agorapod.com\/momentovermu\/feed-rss\/"]}]},{"@type":"ImageObject","inLanguage":"es","@id":"https:\/\/agorapod.com\/momentovermu\/feed-rss\/#primaryimage","url":"https:\/\/agorapod.com\/momentovermu\/wp-content\/uploads\/sites\/2\/2025\/08\/logoFeedRss.png","contentUrl":"https:\/\/agorapod.com\/momentovermu\/wp-content\/uploads\/sites\/2\/2025\/08\/logoFeedRss.png","width":225,"height":225},{"@type":"BreadcrumbList","@id":"https:\/\/agorapod.com\/momentovermu\/feed-rss\/#breadcrumb","itemListElement":[{"@type":"ListItem","position":1,"name":"Portada","item":"https:\/\/agorapod.com\/momentovermu\/"},{"@type":"ListItem","position":2,"name":"Feed RSS"}]},{"@type":"WebSite","@id":"https:\/\/agorapod.com\/momentovermu\/#website","url":"https:\/\/agorapod.com\/momentovermu\/","name":"Momento Verm\u00fa Podcast","description":"Momento Verm\u00fa es un podcast relajado y cercano en el que encontrar\u00e1s humor, conversaciones espont\u00e1neas y temas variados de la vida cotidiana.","potentialAction":[{"@type":"SearchAction","target":{"@type":"EntryPoint","urlTemplate":"https:\/\/agorapod.com\/momentovermu\/?s={search_term_string}"},"query-input":{"@type":"PropertyValueSpecification","valueRequired":true,"valueName":"search_term_string"}}],"inLanguage":"es"}]}},"uagb_featured_image_src":{"full":false,"thumbnail":false,"medium":false,"medium_large":false,"large":false,"1536x1536":false,"2048x2048":false,"audio-podcast-homepage-thumb":false},"uagb_author_info":{"display_name":"momentovermu@gmail.com","author_link":"https:\/\/agorapod.com\/momentovermu\/author\/momentovermugmail-com\/"},"uagb_comment_info":0,"uagb_excerpt":"A continuaci\u00f3n puedes encontrar diversos modos de suscribirte a Momento Verm\u00fa para no perderte todos los episodios que publiquemos.","_links":{"self":[{"href":"https:\/\/agorapod.com\/momentovermu\/wp-json\/wp\/v2\/pages\/30","targetHints":{"allow":["GET"]}}],"collection":[{"href":"https:\/\/agorapod.com\/momentovermu\/wp-json\/wp\/v2\/pages"}],"about":[{"href":"https:\/\/agorapod.com\/momentovermu\/wp-json\/wp\/v2\/types\/page"}],"author":[{"embeddable":true,"href":"https:\/\/agorapod.com\/momentovermu\/wp-json\/wp\/v2\/users\/1"}],"replies":[{"embeddable":true,"href":"https:\/\/agorapod.com\/momentovermu\/wp-json\/wp\/v2\/comments?post=30"}],"version-history":[{"count":21,"href":"https:\/\/agorapod.com\/momentovermu\/wp-json\/wp\/v2\/pages\/30\/revisions"}],"predecessor-version":[{"id":131,"href":"https:\/\/agorapod.com\/momentovermu\/wp-json\/wp\/v2\/pages\/30\/revisions\/131"}],"wp:attachment":[{"href":"https:\/\/agorapod.com\/momentovermu\/wp-json\/wp\/v2\/media?parent=30"}],"curies":[{"name":"wp","href":"https:\/\/api.w.org\/{rel}","templated":true}]}}